{"id":541,"date":"2022-07-27T18:12:59","date_gmt":"2022-07-27T16:12:59","guid":{"rendered":"https:\/\/lerelaisdesfuturs.com\/?page_id=541"},"modified":"2022-07-29T19:55:49","modified_gmt":"2022-07-29T17:55:49","slug":"notre-mission","status":"publish","type":"page","link":"https:\/\/lerelaisdesfuturs.com\/?page_id=541","title":{"rendered":"Notre mission"},"content":{"rendered":"\n<p><strong>Cr\u00e9er de l\u2019emploi en zone rurale et contribuer au d\u00e9veloppement socio-culturel local<\/strong><\/p>\n\n\n\n<p>Les tiers-lieux fran\u00e7ais sont multiples et vari\u00e9s. Ces derni\u00e8res ann\u00e9es, ils ont m\u00eame gagn\u00e9 leur place aupr\u00e8s des politiques, d\u00e9montrant leur capacit\u00e9 \u00e0 cr\u00e9er de l\u2019emploi en zone rurale. Le Relai\u00b7s des Futurs ne fera pas exception \u00e0 la r\u00e8gle! Notre ambition est d\u2019\u00eatre un incubateur local afin de supporter de nombreux projets qui s\u2019articulent autours de nos valeurs \u2013 Bienveillance, Convivialit\u00e9 &amp; D\u00e9veloppement Durable ; le tout en faisant la part belle \u00e0 l\u2019inclusivit\u00e9, l\u2019\u00e9qualit\u00e9 et l\u2019interg\u00e9n\u00e9ration.<\/p>\n\n\n\n<p>L\u2019aspect culturel est pour nous essentiel. Lormes, village dynamique du futur, est anim\u00e9 de plusieurs tiers-lieux. Le Relai\u00b7s Des Futurs vient s\u2019ajouter \u00e0 ce paysage. Nous pr\u00e9voyons d\u2019accueillir dans l\u2019espace bar et la grange des associations ayant besoin d\u2019un local pour se r\u00e9unir, des ateliers de musique ou encore l\u2019aide au devoir (on vous jure qu\u2019on ne leur servira que du chocolat chaud, la bi\u00e8re sera pour les parents!).<\/p>\n\n\n\n<p><strong>Passerelle rurbaine<\/strong><\/p>\n\n\n\n<p>Qui que tu sois, le Relai\u00b7s est la pour toi! En plus de l\u2019espace de vie, de nombreuses activit\u00e9s vont peu \u00e0 peu se mettre en place.<\/p>\n\n\n\n<figure class=\"wp-block-image size-full is-resized\"><img loading=\"lazy\" decoding=\"async\" src=\"https:\/\/lerelaisdesfuturs.com\/wp-content\/uploads\/2022\/05\/passerelle-rurbaine-fond-vert.png\" alt=\"\" class=\"wp-image-467\" width=\"717\" height=\"146\" srcset=\"https:\/\/lerelaisdesfuturs.com\/wp-content\/uploads\/2022\/05\/passerelle-rurbaine-fond-vert.png 640w, https:\/\/lerelaisdesfuturs.com\/wp-content\/uploads\/2022\/05\/passerelle-rurbaine-fond-vert-300x61.png 300w, https:\/\/lerelaisdesfuturs.com\/wp-content\/uploads\/2022\/05\/passerelle-rurbaine-fond-vert-210x43.png 210w\" sizes=\"auto, (max-width: 717px) 100vw, 717px\" \/><\/figure>\n\n\n\n<p><strong>Qu\u2019est-ce qui nous anime?<\/strong>&nbsp;<em>Le concept du rurbain<\/em><\/p>\n\n\n\n<p>A coup sur tu es en train de te dire\u2026 \u201cMais qu\u2019est ce qu\u2019ils ont invent\u00e9 comme mot ce collectif? Rurbain \u2013 Ca n\u2019existe pas!\u201d. Et bien maintenant, si, RURBAIN existe, nous venons donc de le cr\u00e9er. Il sera d\u00e9sormais r\u00e9f\u00e9renc\u00e9 sur G*** et tout \u00e7a tout \u00e7a. Et dans 5 ans le monde entier (ok, les \u00e9co-tiers-lieux fran\u00e7ais&#8230;ok,toi au moins??) en parleront!! (Smiley lunette de soleil \u2013 oui, la charg\u00e9e comm. n\u2019a pas encore trouv\u00e9 comment ajouter les smileys ici).<\/p>\n\n\n\n<p>Un rurbain, c\u2019est nous! Toi, moi, yielle\u2026 La ville on l\u2019aime, surtout sa culture et son activit\u00e9. Mais voil\u00e0, \u00eatre chaque jour \u00e0 Paris ou \u00e0 Bruxelles au milieu des immeubles gris, on a bien l\u2019impression d\u2019avoir loup\u00e9 quelque chose dans notre \u2018r\u00e9volution industrielle\u2019. O\u00f9 est pass\u00e9 le vert, la douceur de vivre, le chant des oiseaux et le rouge des coquelicots (Merci Monsato)?<\/p>\n\n\n\n<div class=\"wp-block-columns is-layout-flex wp-container-core-columns-is-layout-9d6595d7 wp-block-columns-is-layout-flex\">\n<div class=\"wp-block-column is-layout-flow wp-block-column-is-layout-flow\">\n<p>Bref, tu l\u2019auras compris, nous \u00e9tions des rurbains tristes. Nous avons ainsi eu envie de NATURE et de cr\u00e9er un collectif convivial et bienveillant. Cela nous permet d\u2019optimiser le foncier et de mutualiser les corv\u00e9es (entretiens, charges). Le Relai\u00b7s\u00a0des Futurs t\u2019offre la ruralit\u00e9 que tu d\u00e9sires : en t\u00e9l\u00e9travail, en week-end, et pendant les vacances!<\/p>\n<\/div>\n\n\n\n<div class=\"wp-block-column is-layout-flow wp-block-column-is-layout-flow\">\n<figure class=\"wp-block-image size-large\"><img loading=\"lazy\" decoding=\"async\" width=\"1024\" height=\"641\" src=\"https:\/\/lerelaisdesfuturs.com\/wp-content\/uploads\/2022\/07\/rurbain-a-point-1024x641.png\" alt=\"\" class=\"wp-image-585\" srcset=\"https:\/\/lerelaisdesfuturs.com\/wp-content\/uploads\/2022\/07\/rurbain-a-point-1024x641.png 1024w, https:\/\/lerelaisdesfuturs.com\/wp-content\/uploads\/2022\/07\/rurbain-a-point-300x188.png 300w, https:\/\/lerelaisdesfuturs.com\/wp-content\/uploads\/2022\/07\/rurbain-a-point-768x481.png 768w, https:\/\/lerelaisdesfuturs.com\/wp-content\/uploads\/2022\/07\/rurbain-a-point-210x131.png 210w, https:\/\/lerelaisdesfuturs.com\/wp-content\/uploads\/2022\/07\/rurbain-a-point.png 1102w\" sizes=\"auto, (max-width: 1024px) 100vw, 1024px\" \/><\/figure>\n<\/div>\n<\/div>\n","protected":false},"excerpt":{"rendered":"<p>Cr\u00e9er de l\u2019emploi en zone rurale et contribuer au d\u00e9veloppement socio-culturel local Les tiers-lieux fran\u00e7ais sont multiples et vari\u00e9s. Ces derni\u00e8res ann\u00e9es, ils ont m\u00eame gagn\u00e9 leur place aupr\u00e8s des politiques, d\u00e9montrant leur capacit\u00e9 \u00e0 cr\u00e9er de l\u2019emploi en zone rurale. Le Relai\u00b7s des Futurs ne fera pas exception \u00e0 la r\u00e8gle! Notre ambition est [&hellip;]<\/p>\n","protected":false},"author":1,"featured_media":0,"parent":0,"menu_order":0,"comment_status":"closed","ping_status":"closed","template":"","meta":{"_regular_price":[],"currency_symbol":[],"footnotes":""},"class_list":["post-541","page","type-page","status-publish","hentry"],"post_slider_layout_featured_media_urls":{"thumbnail":"","post_slider_layout_landscape_large":"","post_slider_layout_portrait_large":"","post_slider_layout_square_large":"","post_slider_layout_landscape":"","post_slider_layout_portrait":"","post_slider_layout_square":"","full":""},"_links":{"self":[{"href":"https:\/\/lerelaisdesfuturs.com\/index.php?rest_route=\/wp\/v2\/pages\/541","targetHints":{"allow":["GET"]}}],"collection":[{"href":"https:\/\/lerelaisdesfuturs.com\/index.php?rest_route=\/wp\/v2\/pages"}],"about":[{"href":"https:\/\/lerelaisdesfuturs.com\/index.php?rest_route=\/wp\/v2\/types\/page"}],"author":[{"embeddable":true,"href":"https:\/\/lerelaisdesfuturs.com\/index.php?rest_route=\/wp\/v2\/users\/1"}],"replies":[{"embeddable":true,"href":"https:\/\/lerelaisdesfuturs.com\/index.php?rest_route=%2Fwp%2Fv2%2Fcomments&post=541"}],"version-history":[{"count":3,"href":"https:\/\/lerelaisdesfuturs.com\/index.php?rest_route=\/wp\/v2\/pages\/541\/revisions"}],"predecessor-version":[{"id":586,"href":"https:\/\/lerelaisdesfuturs.com\/index.php?rest_route=\/wp\/v2\/pages\/541\/revisions\/586"}],"wp:attachment":[{"href":"https:\/\/lerelaisdesfuturs.com\/index.php?rest_route=%2Fwp%2Fv2%2Fmedia&parent=541"}],"curies":[{"name":"wp","href":"https:\/\/api.w.org\/{rel}","templated":true}]}}