{"id":361,"date":"2021-12-27T18:50:34","date_gmt":"2021-12-27T17:50:34","guid":{"rendered":"https:\/\/lerelaisdesfuturs.com\/?page_id=361"},"modified":"2024-02-06T12:06:48","modified_gmt":"2024-02-06T11:06:48","slug":"fonctionnement","status":"publish","type":"page","link":"https:\/\/lerelaisdesfuturs.com\/?page_id=361","title":{"rendered":"Aspects financiers"},"content":{"rendered":"\n<p><strong>La participation libre et consciente<\/strong> (PLC)<\/p>\n\n\n\n<p>Lorsque tu viens au Relai\u00b7s, nous t&#8217;invitons \u00e0 participer financi\u00e8rement de mani\u00e8re libre et consciente. La PLC est la somme que tu peux ou que tu souhaites donner en conscience de ce que tu auras v\u00e9cu pendants quelques heures, jours ou semaine au Relai\u00b7s. Nous avons d\u00e9cid\u00e9 d&#8217;informer en toute transparence les Relayeuses et Relayeurs des prix de revient des diff\u00e9rentes activit\u00e9s, d&#8217;une nuit, des repas.<\/p>\n\n\n\n<p>La PLC est importante en tant que concept pour nous car elle permet l&#8217;inclusivit\u00e9 de personnes qui n&#8217;ont pas d&#8217;important moyens financiers. Si tu peux ou veux donner plus que les prix qui sont propos\u00e9s plus bas sache que tu compenses les participations inf\u00e9rieures des prix de revient et surtout contribues au d\u00e9veloppement du Relai\u00b7s et de ses futurs projets. <\/p>\n\n\n\n<p><\/p>\n\n\n<div class=\"wp-block-image\">\n<figure class=\"aligncenter size-large is-resized\"><img loading=\"lazy\" decoding=\"async\" width=\"1024\" height=\"1024\" src=\"https:\/\/lerelaisdesfuturs.com\/wp-content\/uploads\/2022\/07\/It_s-raining-money-1024x1024.png\" alt=\"\" class=\"wp-image-588\" style=\"width:262px;height:262px\" srcset=\"https:\/\/lerelaisdesfuturs.com\/wp-content\/uploads\/2022\/07\/It_s-raining-money-1024x1024.png 1024w, https:\/\/lerelaisdesfuturs.com\/wp-content\/uploads\/2022\/07\/It_s-raining-money-300x300.png 300w, https:\/\/lerelaisdesfuturs.com\/wp-content\/uploads\/2022\/07\/It_s-raining-money-150x150.png 150w, https:\/\/lerelaisdesfuturs.com\/wp-content\/uploads\/2022\/07\/It_s-raining-money-768x768.png 768w, https:\/\/lerelaisdesfuturs.com\/wp-content\/uploads\/2022\/07\/It_s-raining-money-1536x1536.png 1536w, https:\/\/lerelaisdesfuturs.com\/wp-content\/uploads\/2022\/07\/It_s-raining-money-2048x2048.png 2048w, https:\/\/lerelaisdesfuturs.com\/wp-content\/uploads\/2022\/07\/It_s-raining-money-1200x1200.png 1200w, https:\/\/lerelaisdesfuturs.com\/wp-content\/uploads\/2022\/07\/It_s-raining-money-600x600.png 600w, https:\/\/lerelaisdesfuturs.com\/wp-content\/uploads\/2022\/07\/It_s-raining-money-210x210.png 210w, https:\/\/lerelaisdesfuturs.com\/wp-content\/uploads\/2022\/07\/It_s-raining-money-1960x1960.png 1960w\" sizes=\"auto, (max-width: 1024px) 100vw, 1024px\" \/><\/figure>\n<\/div>\n\n\n<p><strong>Que co\u00fbte une nuit au Relai<strong>\u00b7s<\/strong><\/strong>?<\/p>\n\n\n\n<p>Nous avons calcul\u00e9 des charges annuelles de l&#8217;ordre de \u20ac1600 \u00e0 1800. Afin de couvrir ces charges nous estimons qu&#8217;une nuit (au cours d&#8217;un week-end par exemple) nous permettra d&#8217;amortir ces charge d\u00e8s \u20ac15\/personne (eau, chauffage, \u00e9lectricit\u00e9) et \u00e0 partir de \u20ac10\/personne lorsque le s\u00e9jour se prolonge au del\u00e0 de 3 nuits. <\/p>\n\n\n\n<p><strong>Manger au Relai\u00b7s<\/strong> <\/p>\n\n\n\n<p>De la m\u00eame fa\u00e7on, nous avons dans nos objectifs de donner \u00e0 nos relayeurs un prix de revient par repas. Le calcul est en cours! <\/p>\n\n\n\n<p><strong>En toute transparence<\/strong>&#8230;<\/p>\n\n\n\n<p>Nous sommes 4 co-fondateurs \u00e0 avoir investi dans l&#8217;aspect foncier de d\u00e9part. Il n&#8217;est pas dans les objectifs, \u00e0 court ou long termes, que nous tirerions un b\u00e9n\u00e9fice financier de part la cr\u00e9ation du Relai\u00b7s. Nous nous assurons \u00e9galement de participer \u00e0 la PLC \u00e0 chacun de nos s\u00e9jours. Au fur et \u00e0 mesure des ann\u00e9es, les investissements seront rembours\u00e9s \u00e0 leur investisseurs, et le Relai\u00b7s se tiendra l\u00e0, tout droit, &#8220;n&#8217;appartenant&#8221; \u00e0 personne d&#8217;autre qu&#8217;au collectif. <\/p>\n\n\n\n<hr class=\"wp-block-separator has-alpha-channel-opacity\"\/>\n\n\n\n<h2 class=\"wp-block-heading\">Financement des projets de r\u00e9novation et d&#8217;extension du Relai\u00b7s<\/h2>\n\n\n\n<p>Afin de financer les lourds projets de r\u00e9novations nous envisageons actuellement les diff\u00e9rentes possibilit\u00e9 de primes \u00e0 la r\u00e9novation r\u00e9gionales et nationales, ainsi que les demandes de financement auxquelles le Relai\u00b7s est \u00e9ligible. Les demandes de pr\u00eats seront \u00e9galement \u00e9tudi\u00e9es en temps et en heure, lorsque, et si, cela est n\u00e9cessaire. <\/p>\n\n\n\n<p>De la m\u00eame mani\u00e8re, les opportunit\u00e9s de financement pour nos autres projets sont \u00e9tudi\u00e9es. <\/p>\n","protected":false},"excerpt":{"rendered":"<p>La participation libre et consciente (PLC) Lorsque tu viens au Relai\u00b7s, nous t&#8217;invitons \u00e0 participer financi\u00e8rement de mani\u00e8re libre et consciente. La PLC est la somme que tu peux ou que tu souhaites donner en conscience de ce que tu auras v\u00e9cu pendants quelques heures, jours ou semaine au Relai\u00b7s. Nous avons d\u00e9cid\u00e9 d&#8217;informer en [&hellip;]<\/p>\n","protected":false},"author":1,"featured_media":0,"parent":295,"menu_order":1,"comment_status":"closed","ping_status":"closed","template":"","meta":{"_regular_price":[],"currency_symbol":[],"footnotes":""},"class_list":["post-361","page","type-page","status-publish","hentry"],"post_slider_layout_featured_media_urls":{"thumbnail":"","post_slider_layout_landscape_large":"","post_slider_layout_portrait_large":"","post_slider_layout_square_large":"","post_slider_layout_landscape":"","post_slider_layout_portrait":"","post_slider_layout_square":"","full":""},"_links":{"self":[{"href":"https:\/\/lerelaisdesfuturs.com\/index.php?rest_route=\/wp\/v2\/pages\/361","targetHints":{"allow":["GET"]}}],"collection":[{"href":"https:\/\/lerelaisdesfuturs.com\/index.php?rest_route=\/wp\/v2\/pages"}],"about":[{"href":"https:\/\/lerelaisdesfuturs.com\/index.php?rest_route=\/wp\/v2\/types\/page"}],"author":[{"embeddable":true,"href":"https:\/\/lerelaisdesfuturs.com\/index.php?rest_route=\/wp\/v2\/users\/1"}],"replies":[{"embeddable":true,"href":"https:\/\/lerelaisdesfuturs.com\/index.php?rest_route=%2Fwp%2Fv2%2Fcomments&post=361"}],"version-history":[{"count":10,"href":"https:\/\/lerelaisdesfuturs.com\/index.php?rest_route=\/wp\/v2\/pages\/361\/revisions"}],"predecessor-version":[{"id":1173,"href":"https:\/\/lerelaisdesfuturs.com\/index.php?rest_route=\/wp\/v2\/pages\/361\/revisions\/1173"}],"up":[{"embeddable":true,"href":"https:\/\/lerelaisdesfuturs.com\/index.php?rest_route=\/wp\/v2\/pages\/295"}],"wp:attachment":[{"href":"https:\/\/lerelaisdesfuturs.com\/index.php?rest_route=%2Fwp%2Fv2%2Fmedia&parent=361"}],"curies":[{"name":"wp","href":"https:\/\/api.w.org\/{rel}","templated":true}]}}